{"id":10860,"date":"2024-07-08T08:48:59","date_gmt":"2024-07-08T06:48:59","guid":{"rendered":"https:\/\/aeplaneta.onlinevalles.club\/?post_type=product&#038;p=10860"},"modified":"2024-07-08T08:49:49","modified_gmt":"2024-07-08T06:49:49","slug":"carnet-permiso-a-oferta","status":"publish","type":"product","link":"https:\/\/aeplaneta.onlinevalles.club\/ca\/producte\/carnet-permiso-a-oferta\/","title":{"rendered":"CARNET PERMISO A OFERTA"},"content":{"rendered":"<p>Esta promoci\u00f3n incluye todo lo necesario para la obtenci\u00f3n del carnet de moto.<\/p>\n<ul>\n<li>Inscripci\u00f3n<\/li>\n<li>3h Te\u00f3rica<\/li>\n<li>4h Pr\u00e1cticas de circuito cerrado<\/li>\n<li>2h Pr\u00e1cticas en v\u00edas abiertas al tr\u00e1fico<\/li>\n<li>Tasa DGT incluida<\/li>\n<\/ul>\n<p><span style=\"color: #ff0000;\">VALORADO EN<\/span> <del>549\u20ac<\/del><\/p>","protected":false},"excerpt":{"rendered":"<p>CARNET DE MOTO A<\/p>","protected":false},"featured_media":10895,"comment_status":"closed","ping_status":"closed","template":"","meta":{"_acf_changed":false,"_kad_blocks_custom_css":"","_kad_blocks_head_custom_js":"","_kad_blocks_body_custom_js":"","_kad_blocks_footer_custom_js":"","_kadence_starter_templates_imported_post":false,"_kad_post_transparent":"","_kad_post_title":"","_kad_post_layout":"","_kad_post_sidebar_id":"","_kad_post_content_style":"","_kad_post_vertical_padding":"","_kad_post_feature":"","_kad_post_feature_position":"","_kad_post_header":false,"_kad_post_footer":false},"product_cat":[64],"product_tag":[],"class_list":{"0":"post-10860","1":"product","2":"type-product","3":"status-publish","4":"has-post-thumbnail","6":"product_cat-motocicleta","8":"first","9":"instock","10":"sale","11":"virtual","12":"taxable","13":"purchasable","14":"product-type-simple","15":"entry","16":"content-bg","17":"loop-entry"},"acf":[],"taxonomy_info":{"product_cat":[{"value":64,"label":"Motocicleta"}]},"featured_image_src_large":["https:\/\/aeplaneta.onlinevalles.club\/wp-content\/uploads\/2024\/07\/libro-web-pack-permiso-a.png",420,420,false],"author_info":[],"comment_info":0,"_links":{"self":[{"href":"https:\/\/aeplaneta.onlinevalles.club\/ca\/wp-json\/wp\/v2\/product\/10860","targetHints":{"allow":["GET"]}}],"collection":[{"href":"https:\/\/aeplaneta.onlinevalles.club\/ca\/wp-json\/wp\/v2\/product"}],"about":[{"href":"https:\/\/aeplaneta.onlinevalles.club\/ca\/wp-json\/wp\/v2\/types\/product"}],"replies":[{"embeddable":true,"href":"https:\/\/aeplaneta.onlinevalles.club\/ca\/wp-json\/wp\/v2\/comments?post=10860"}],"wp:featuredmedia":[{"embeddable":true,"href":"https:\/\/aeplaneta.onlinevalles.club\/ca\/wp-json\/wp\/v2\/media\/10895"}],"wp:attachment":[{"href":"https:\/\/aeplaneta.onlinevalles.club\/ca\/wp-json\/wp\/v2\/media?parent=10860"}],"wp:term":[{"taxonomy":"product_cat","embeddable":true,"href":"https:\/\/aeplaneta.onlinevalles.club\/ca\/wp-json\/wp\/v2\/product_cat?post=10860"},{"taxonomy":"product_tag","embeddable":true,"href":"https:\/\/aeplaneta.onlinevalles.club\/ca\/wp-json\/wp\/v2\/product_tag?post=10860"}],"curies":[{"name":"wp","href":"https:\/\/api.w.org\/{rel}","templated":true}]}}